{"id":571,"date":"2018-08-27T15:06:58","date_gmt":"2018-08-27T19:06:58","guid":{"rendered":"http:\/\/longshotwine.ca\/?page_id=571"},"modified":"2023-09-26T08:42:40","modified_gmt":"2023-09-26T12:42:40","slug":"ou-acheter","status":"publish","type":"page","link":"https:\/\/www.longshotwine.ca\/fr\/ou-acheter\/","title":{"rendered":"O\u00f9 acheter"},"content":{"rendered":"\n<h1>\n\t\tO\u00d9 ACHETER\n\t<\/h1>\n\t<p>Les vins Longshot d\u00e9barquent sur les tablettes de plusieurs fournisseurs partout au Canada. Trouvez le d\u00e9taillant le plus pr\u00e8s de chez vous en cliquant sur les liens ci-dessous.<\/p>\n\t\t\t\t\t\t\t\t<a href=\"https:\/\/www.liquorconnect.com\/Products\/Search?query=longshot&#038;page=1&#038;utm_source=longshot&#038;utm_medium=website&#038;utm_campaign=wheretobuyclicks\" target=\"_blank\" rel=\"noopener\">\n\t\t\t\t\t\t<\/a>\n\t<h3><a href=\"https:\/\/www.liquorconnect.com\/Products\/Search?query=longshot&#038;page=1&#038;utm_source=longshot&#038;utm_medium=website&#038;utm_campaign=wheretobuyclicks\" target=\"_blank\" rel=\"noopener\">ALBERTA<\/a><\/h3>\t\t\n\t\t\t<p>liquorconnect.com<\/p>\n\t\t\t\t\t\t\t\t<a href=\"https:\/\/www.bcliquorstores.com\/product-catalogue?search=longshot&#038;sort=_score%3Adesc&#038;page=1&#038;utm_source=longshot&#038;utm_medium=website&#038;utm_campaign=wheretobuyclicks\" target=\"_blank\" rel=\"noopener\">\n\t\t\t\t\t\t<\/a>\n\t<h3><a href=\"https:\/\/www.bcliquorstores.com\/product-catalogue?search=longshot&#038;sort=_score%3Adesc&#038;page=1&#038;utm_source=longshot&#038;utm_medium=website&#038;utm_campaign=wheretobuyclicks\" target=\"_blank\" rel=\"noopener\">COLOMBIE-BRITANNIQUE<\/a><\/h3>\t\t\n\t\t\t<p>bcliquorstores.com<\/p>\n\t\t\t\t\t\t\t\t<a href=\"https:\/\/www.liquormarts.ca\/search-products\/%25\/longshot?utm_source=longshot&#038;utm_medium=website&#038;utm_campaign=wheretobuyclicks\" target=\"_blank\" rel=\"noopener\">\n\t\t\t\t\t\t<\/a>\n\t<h3><a href=\"https:\/\/www.liquormarts.ca\/search-products\/%25\/longshot?utm_source=longshot&#038;utm_medium=website&#038;utm_campaign=wheretobuyclicks\" target=\"_blank\" rel=\"noopener\">MANITOBA<\/a><\/h3>\t\t\n\t\t\t<p>liquormartsonline.com<\/p>\n\t<h3>SASKATCHEWAN<\/h3>\t\t\n\t\t\t<p>V\u00e9rifiez aupr\u00e8s de votre d\u00e9taillant local<\/p>\n\t\t\t\t\t\t\t\t<a href=\"https:\/\/www.lcbo.com\/lcbo\/search?searchTerm=longshot&#038;utm_source=longshot&#038;utm_medium=website&#038;utm_campaign=wheretobuyclicks\" target=\"_blank\" rel=\"noopener\">\n\t\t\t\t\t\t<\/a>\n\t<h3><a href=\"https:\/\/www.lcbo.com\/lcbo\/search?searchTerm=longshot&#038;utm_source=longshot&#038;utm_medium=website&#038;utm_campaign=wheretobuyclicks\" target=\"_blank\" rel=\"noopener\">ONTARIO<\/a><\/h3>\t\t\n\t\t\t<p>lcbo.com<\/p>\n\t\t\t\t\t\t\t\t<a href=\"https:\/\/www.saq.com\/fr\/catalogsearch\/result\/?q=longshot&#038;utm_source=longshot&#038;utm_medium=website&#038;utm_campaign=wheretobuyclicks\" target=\"_blank\" rel=\"noopener\">\n\t\t\t\t\t\t<\/a>\n\t<h3><a href=\"https:\/\/www.saq.com\/fr\/catalogsearch\/result\/?q=longshot&#038;utm_source=longshot&#038;utm_medium=website&#038;utm_campaign=wheretobuyclicks\" target=\"_blank\" rel=\"noopener\">QU\u00c9BEC<\/a><\/h3>\t\t\n\t\t\t<p>saq.com<\/p>\n\t\t\t\t\t\t\t\t<a href=\"https:\/\/www.mynslc.com\/Search-Results?ActiveTab=products&#038;Start=0&#038;Length=12&#038;Keywords=%20longshot&#038;utm_source=longshot&#038;utm_medium=website&#038;utm_campaign=wheretobuyclicks\" target=\"_blank\" rel=\"noopener\">\n\t\t\t\t\t\t<\/a>\n\t<h3><a href=\"https:\/\/www.mynslc.com\/Search-Results?ActiveTab=products&#038;Start=0&#038;Length=12&#038;Keywords=%20longshot&#038;utm_source=longshot&#038;utm_medium=website&#038;utm_campaign=wheretobuyclicks\" target=\"_blank\" rel=\"noopener\">NOUVELLE-\u00c9COSSE<\/a><\/h3>\t\t\n\t\t\t<p>mynslc.com<\/p>\n\t\t\t\t\t\t\t\t<a href=\"https:\/\/nlliquor.com\/?s=longshot&#038;post_type=product&#038;utm_source=longshot&#038;utm_medium=website&#038;utm_campaign=wheretobuyclicks\" target=\"_blank\" rel=\"noopener\">\n\t\t\t\t\t\t<\/a>\n\t<h3><a href=\"https:\/\/nlliquor.com\/?s=longshot&#038;post_type=product&#038;utm_source=longshot&#038;utm_medium=website&#038;utm_campaign=wheretobuyclicks\" target=\"_blank\" rel=\"noopener\">TERRE-NEUVE<\/a><\/h3>\t\t\n\t\t\t<p>nlliquor.com<\/p>\n\t\t\t\t\t\t\t\t<a href=\"https:\/\/www.anbl.com\/products-search?qs=longshot&#038;utm_source=longshot&#038;utm_medium=website&#038;utm_campaign=wheretobuyclicks\" target=\"_blank\" rel=\"noopener\">\n\t\t\t\t\t\t<\/a>\n\t<h3><a href=\"https:\/\/www.anbl.com\/products-search?qs=longshot&#038;utm_source=longshot&#038;utm_medium=website&#038;utm_campaign=wheretobuyclicks\" target=\"_blank\" rel=\"noopener\">NOUVEAU-BRUNSWICK<\/a><\/h3>\t\t\n\t\t\t<p>anbl.com<\/p>\n\t\t\t\t\t\t\t\t<a href=\"https:\/\/liquorpei.com\/?s=longshot&#038;utm_source=longshot&#038;utm_medium=website&#038;utm_campaign=wheretobuyclicks\" target=\"_blank\" rel=\"noopener\">\n\t\t\t\t\t\t<\/a>\n\t<h3><a href=\"https:\/\/liquorpei.com\/?s=longshot&#038;utm_source=longshot&#038;utm_medium=website&#038;utm_campaign=wheretobuyclicks\" target=\"_blank\" rel=\"noopener\">\u00ceLE-DU-PRINCE-EDOUARD<\/a><\/h3>\t\t\n\t\t\t<p>liquorpei.com<\/p>\n<h2>\n\t\tLivraison sur demande\n\t<\/h2>\n\t<p>Disponible seulement en Ontario<\/p>\n\t\t\t\t<a href=\"https:\/\/www.thebeerguy.ca\/longshot\/?utm_source=ejg&#038;utm_medium=wtb_page&#038;utm_campaign=EJG_custom_page\" target=\"_blank\" rel=\"noopener\" itemprop=\"url\">\n\t\t\t\t<img loading=\"lazy\" decoding=\"async\" src=\"https:\/\/www.longshotwine.ca\/wp-content\/uploads\/\/beer-guy-homerun-delivery-white.svg\" alt=\"The Beer Guy Homerun Delivery Logo.\" itemprop=\"image\" height=\"0\" width=\"0\" title=\"beer-guy-homerun-delivery-white\" onerror=\"this.style.display='none'\"  \/>\n\t\t\t\t<\/a>\n\t<p>Les informations au sujet de la disponibilit\u00e9 des produits sont exactes au meilleur de notre connaissance, \u00e0 partir des informations fournies par des distributeurs ind\u00e9pendants. Nous ne pouvons pas garantir que les d\u00e9taillants list\u00e9s auront les produits en stock.<\/p>\n\n","protected":false},"excerpt":{"rendered":"<p>O\u00d9 ACHETER Les vins Longshot d\u00e9barquent sur les tablettes de plusieurs fournisseurs partout au Canada. Trouvez le d\u00e9taillant le plus pr\u00e8s de chez vous en cliquant sur les liens ci-dessous. ALBERTA liquorconnect.com COLOMBIE-BRITANNIQUE bcliquorstores.com MANITOBA liquormartsonline.com SASKATCHEWAN V\u00e9rifiez aupr\u00e8s de votre d\u00e9taillant local ONTARIO lcbo.com QU\u00c9BEC saq.com NOUVELLE-\u00c9COSSE mynslc.com TERRE-NEUVE nlliquor.com NOUVEAU-BRUNSWICK anbl.com \u00ceLE-DU-PRINCE-EDOUARD liquorpei.com [&hellip;]<\/p>\n","protected":false},"author":6,"featured_media":0,"parent":0,"menu_order":0,"comment_status":"closed","ping_status":"closed","template":"","meta":{"_acf_changed":false,"_seopress_robots_primary_cat":"","_seopress_titles_title":"Vin | Longshot Wines | O\u00f9 acheter","_seopress_titles_desc":"D\u00e9couvrez o\u00f9 acheter votre vin Longshot pr\u00e9f\u00e9r\u00e9. Trouvez des vins audacieux sans prix audacieux.","_seopress_robots_index":"","site-sidebar-layout":"no-sidebar","site-content-layout":"page-builder","ast-site-content-layout":"default","site-content-style":"default","site-sidebar-style":"default","ast-global-header-display":"","ast-banner-title-visibility":"","ast-main-header-display":"","ast-hfb-above-header-display":"","ast-hfb-below-header-display":"","ast-hfb-mobile-header-display":"","site-post-title":"disabled","ast-breadcrumbs-content":"","ast-featured-img":"disabled","footer-sml-layout":"","ast-disable-related-posts":"","theme-transparent-header-meta":"default","adv-header-id-meta":"","stick-header-meta":"","header-above-stick-meta":"","header-main-stick-meta":"","header-below-stick-meta":"","astra-migrate-meta-layouts":"default","ast-page-background-enabled":"default","ast-page-background-meta":{"desktop":{"background-color":"","background-image":"","background-repeat":"repeat","background-position":"center center","background-size":"auto","background-attachment":"scroll","background-type":"","background-media":"","overlay-type":"","overlay-color":"","overlay-opacity":"","overlay-gradient":""},"tablet":{"background-color":"","background-image":"","background-repeat":"repeat","background-position":"center center","background-size":"auto","background-attachment":"scroll","background-type":"","background-media":"","overlay-type":"","overlay-color":"","overlay-opacity":"","overlay-gradient":""},"mobile":{"background-color":"","background-image":"","background-repeat":"repeat","background-position":"center center","background-size":"auto","background-attachment":"scroll","background-type":"","background-media":"","overlay-type":"","overlay-color":"","overlay-opacity":"","overlay-gradient":""}},"ast-content-background-meta":{"desktop":{"background-color":"var(--ast-global-color-5)","background-image":"","background-repeat":"repeat","background-position":"center center","background-size":"auto","background-attachment":"scroll","background-type":"","background-media":"","overlay-type":"","overlay-color":"","overlay-opacity":"","overlay-gradient":""},"tablet":{"background-color":"var(--ast-global-color-5)","background-image":"","background-repeat":"repeat","background-position":"center center","background-size":"auto","background-attachment":"scroll","background-type":"","background-media":"","overlay-type":"","overlay-color":"","overlay-opacity":"","overlay-gradient":""},"mobile":{"background-color":"var(--ast-global-color-5)","background-image":"","background-repeat":"repeat","background-position":"center center","background-size":"auto","background-attachment":"scroll","background-type":"","background-media":"","overlay-type":"","overlay-color":"","overlay-opacity":"","overlay-gradient":""}},"footnotes":""},"class_list":["post-571","page","type-page","status-publish","hentry"],"acf":[],"_links":{"self":[{"href":"https:\/\/www.longshotwine.ca\/fr\/wp-json\/wp\/v2\/pages\/571","targetHints":{"allow":["GET"]}}],"collection":[{"href":"https:\/\/www.longshotwine.ca\/fr\/wp-json\/wp\/v2\/pages"}],"about":[{"href":"https:\/\/www.longshotwine.ca\/fr\/wp-json\/wp\/v2\/types\/page"}],"author":[{"embeddable":true,"href":"https:\/\/www.longshotwine.ca\/fr\/wp-json\/wp\/v2\/users\/6"}],"replies":[{"embeddable":true,"href":"https:\/\/www.longshotwine.ca\/fr\/wp-json\/wp\/v2\/comments?post=571"}],"version-history":[{"count":5,"href":"https:\/\/www.longshotwine.ca\/fr\/wp-json\/wp\/v2\/pages\/571\/revisions"}],"predecessor-version":[{"id":2866,"href":"https:\/\/www.longshotwine.ca\/fr\/wp-json\/wp\/v2\/pages\/571\/revisions\/2866"}],"wp:attachment":[{"href":"https:\/\/www.longshotwine.ca\/fr\/wp-json\/wp\/v2\/media?parent=571"}],"curies":[{"name":"wp","href":"https:\/\/api.w.org\/{rel}","templated":true}]}}