{"id":565,"date":"2018-08-27T15:03:47","date_gmt":"2018-08-27T19:03:47","guid":{"rendered":"http:\/\/longshotwine.ca\/?page_id=565"},"modified":"2021-07-02T10:58:59","modified_gmt":"2021-07-02T14:58:59","slug":"contactez-nous","status":"publish","type":"page","link":"https:\/\/www.longshotwine.ca\/fr\/contactez-nous\/","title":{"rendered":"Contactez-nous"},"content":{"rendered":"\n<h1>\n\t\tCONTACTEZ-NOUS\n\t<\/h1>\n\t<p>Vous avez quelque chose \u00e0 nous dire? Nous voulons le savoir. Entrez en contact avec l&rsquo;\u00e9quipe de Longshot en nous appelant au num\u00e9ro sans frais ci-dessous ou en nous envoyant un message via nos diff\u00e9rentes plateformes m\u00e9dias sociaux.<\/p>\n<p>Num\u00e9ro sans frais 1-833-879-8056 du lundi au vendredi de 8 h \u00e0 17 h et samedi de 9 h \u00e0 15 h, heure du Pacifique.<\/p>\n<p>Vous n&rsquo;arrivez pas \u00e0 retrouver vos vins favoris? Consultez notre page\u00a0<a href=\"https:\/\/www.longshotwine.ca\/fr\/ou-acheter\/\">O\u00f9 acheter<\/a>.<\/p>\n\n\n","protected":false},"excerpt":{"rendered":"<p>CONTACTEZ-NOUS Vous avez quelque chose \u00e0 nous dire? Nous voulons le savoir. Entrez en contact avec l&rsquo;\u00e9quipe de Longshot en nous appelant au num\u00e9ro sans frais ci-dessous ou en nous envoyant un message via nos diff\u00e9rentes plateformes m\u00e9dias sociaux. Num\u00e9ro sans frais 1-833-879-8056 du lundi au vendredi de 8 h \u00e0 17 h et samedi [&hellip;]<\/p>\n","protected":false},"author":6,"featured_media":0,"parent":0,"menu_order":0,"comment_status":"closed","ping_status":"closed","template":"","meta":{"_acf_changed":false,"_seopress_robots_primary_cat":"","_seopress_titles_title":"Vin | Longshot Wines | Contactez-nous","_seopress_titles_desc":"Contactez-nous pour partager vos opinions ou vos commentaires.","_seopress_robots_index":"","site-sidebar-layout":"default","site-content-layout":"default","ast-site-content-layout":"default","site-content-style":"default","site-sidebar-style":"default","ast-global-header-display":"","ast-banner-title-visibility":"","ast-main-header-display":"","ast-hfb-above-header-display":"","ast-hfb-below-header-display":"","ast-hfb-mobile-header-display":"","site-post-title":"disabled","ast-breadcrumbs-content":"","ast-featured-img":"disabled","footer-sml-layout":"","ast-disable-related-posts":"","theme-transparent-header-meta":"default","adv-header-id-meta":"","stick-header-meta":"default","header-above-stick-meta":"","header-main-stick-meta":"","header-below-stick-meta":"","astra-migrate-meta-layouts":"default","ast-page-background-enabled":"default","ast-page-background-meta":{"desktop":{"background-color":"","background-image":"","background-repeat":"repeat","background-position":"center center","background-size":"auto","background-attachment":"scroll","background-type":"","background-media":"","overlay-type":"","overlay-color":"","overlay-opacity":"","overlay-gradient":""},"tablet":{"background-color":"","background-image":"","background-repeat":"repeat","background-position":"center center","background-size":"auto","background-attachment":"scroll","background-type":"","background-media":"","overlay-type":"","overlay-color":"","overlay-opacity":"","overlay-gradient":""},"mobile":{"background-color":"","background-image":"","background-repeat":"repeat","background-position":"center center","background-size":"auto","background-attachment":"scroll","background-type":"","background-media":"","overlay-type":"","overlay-color":"","overlay-opacity":"","overlay-gradient":""}},"ast-content-background-meta":{"desktop":{"background-color":"var(--ast-global-color-5)","background-image":"","background-repeat":"repeat","background-position":"center center","background-size":"auto","background-attachment":"scroll","background-type":"","background-media":"","overlay-type":"","overlay-color":"","overlay-opacity":"","overlay-gradient":""},"tablet":{"background-color":"var(--ast-global-color-5)","background-image":"","background-repeat":"repeat","background-position":"center center","background-size":"auto","background-attachment":"scroll","background-type":"","background-media":"","overlay-type":"","overlay-color":"","overlay-opacity":"","overlay-gradient":""},"mobile":{"background-color":"var(--ast-global-color-5)","background-image":"","background-repeat":"repeat","background-position":"center center","background-size":"auto","background-attachment":"scroll","background-type":"","background-media":"","overlay-type":"","overlay-color":"","overlay-opacity":"","overlay-gradient":""}},"footnotes":""},"class_list":["post-565","page","type-page","status-publish","hentry"],"acf":[],"_links":{"self":[{"href":"https:\/\/www.longshotwine.ca\/fr\/wp-json\/wp\/v2\/pages\/565","targetHints":{"allow":["GET"]}}],"collection":[{"href":"https:\/\/www.longshotwine.ca\/fr\/wp-json\/wp\/v2\/pages"}],"about":[{"href":"https:\/\/www.longshotwine.ca\/fr\/wp-json\/wp\/v2\/types\/page"}],"author":[{"embeddable":true,"href":"https:\/\/www.longshotwine.ca\/fr\/wp-json\/wp\/v2\/users\/6"}],"replies":[{"embeddable":true,"href":"https:\/\/www.longshotwine.ca\/fr\/wp-json\/wp\/v2\/comments?post=565"}],"version-history":[{"count":5,"href":"https:\/\/www.longshotwine.ca\/fr\/wp-json\/wp\/v2\/pages\/565\/revisions"}],"predecessor-version":[{"id":2622,"href":"https:\/\/www.longshotwine.ca\/fr\/wp-json\/wp\/v2\/pages\/565\/revisions\/2622"}],"wp:attachment":[{"href":"https:\/\/www.longshotwine.ca\/fr\/wp-json\/wp\/v2\/media?parent=565"}],"curies":[{"name":"wp","href":"https:\/\/api.w.org\/{rel}","templated":true}]}}