{"id":532,"date":"2018-08-27T14:07:12","date_gmt":"2018-08-27T18:07:12","guid":{"rendered":"http:\/\/longshotwine.ca\/?page_id=532"},"modified":"2020-07-31T14:57:48","modified_gmt":"2020-07-31T18:57:48","slug":"conditions-dutilisation","status":"publish","type":"page","link":"https:\/\/www.longshotwine.ca\/fr\/conditions-dutilisation\/","title":{"rendered":"Conditions d&rsquo;utilisation"},"content":{"rendered":"<h1>Conditions d\u2019utilisation<\/h1>\n<h2>\u00c0 propos de ces conditions d\u2019utilisation<\/h2>\n<p>Les conditions et modalit\u00e9s d\u2019utilisation suivantes (\u00ab Conditions \u00bb) s\u2019appliquent \u00e0 votre utilisation du site web Longshot (\u00ab Site Web \u00bb). Ces Conditions devraient \u00eatre lues conjointement \u00e0 notre politique de confidentialit\u00e9 (\u00ab Politique de confidentialit\u00e9 \u00bb) et viennent s\u2019ajouter \u00e0 cette derni\u00e8re. Veuillez lire ces Conditions attentivement. En utilisant le Site Web, vous d\u00e9clarez avoir lu, compris et \u00eatre en accord avec ces Conditions et la Politique de confidentialit\u00e9 (chacune \u00e9tant modifi\u00e9e p\u00e9riodiquement). Si vous n\u2019acceptez pas ces Conditions, vous devez cesser toute utilisation de ce Site Web imm\u00e9diatement.<\/p>\n<h2>\u00c0 propos de nous<\/h2>\n<p>Nous sommes la marque Longshot, propri\u00e9t\u00e9 de E. &amp; J. Gallo Winery (\u00ab Longshot \u00bb, \u00ab nous \u00bb, \u00ab nos \u00bb ou \u00ab notre \u00bb). Si vous avez des questions ou des inqui\u00e9tudes quant \u00e0 ce contrat ou au Site Web, vous pouvez nous contacter par courriel \u00e0 <a href=\"mailto:consumerrelations@longshot.com\">consumerrelations@longshot.com<\/a><\/p>\n<h2>Votre utilisation du site web<\/h2>\n<p>Vous d\u00e9clarez et garantissez que vous avez l\u2019\u00e2ge l\u00e9gal de boire de l\u2019alcool dans la province dans laquelle vous r\u00e9sidez, et que vous avez le droit l\u00e9gal et la capacit\u00e9 \u00e0 accepter les pr\u00e9sentes Conditions. Si vous n\u2019avez pas l\u2019\u00e2ge l\u00e9gal de boire de l\u2019alcool dans votre province, vous ne devez pas acc\u00e9der au Site Web ni l\u2019utiliser.<\/p>\n<h2>Propri\u00e9t\u00e9 du contenu du site web<\/h2>\n<p>Sauf lorsqu\u2019il en est explicitement sp\u00e9cifi\u00e9 autrement, tout le contenu qui est inclus ou qui fait partie du Site Web (\u00ab Contenu \u00bb) est d\u00e9tenu, contr\u00f4l\u00e9 ou autoris\u00e9 par nous, nos filiales ou des entreprises affili\u00e9es, et est prot\u00e9g\u00e9 contre un usage non autoris\u00e9, la reproduction ou la diffusion par le droit d\u2019auteur, la marque d\u00e9pos\u00e9e, le brevet, et autres lois, r\u00e8gles, r\u00e8glements et trait\u00e9s internationaux.<\/p>\n<p><em>Tout usage non autoris\u00e9 du Contenu est proscrit.<\/em><\/p>\n<p>NOTE AUX SITES WEB TIERS : Tout notre Contenu rendu disponible en lien avec votre site web, ou autre, est notre propri\u00e9t\u00e9 exclusive et ne serait accorder une licence de droits de propri\u00e9t\u00e9 intellectuelle quels qu\u2019ils soient. Nous conservons le droit de demander que vous cessiez l\u2019utilisation de notre Contenu moyennant un pr\u00e9avis, et vous cesserez donc toute utilisation.<\/p>\n<h2>Votre licence pour l\u2019utilisation du contenu de notre site web<\/h2>\n<p>Sujet \u00e0 votre respect des pr\u00e9sentes Conditions, nous vous donnons une licence limit\u00e9e, personnelle, non exclusive, non commerciale, r\u00e9vocable, incessible et non transf\u00e9rable pour t\u00e9l\u00e9charger, voir et\/ou jouer une copie du Contenu sur un ordinateur pour votre utilisation personnelle et non commerciale, sous condition que vous : (a) gardiez intact tout droit de propri\u00e9t\u00e9 intellectuelle et toutes autres indications de marque pr\u00e9sentes dans le Contenu original, ou toute autre copie que vous puissiez faire du Contenu; (b) n\u2019utilisiez pas le Contenu d\u2019une mani\u00e8re qui sugg\u00e8re que vous soyez associ\u00e9s \u00e0 nos produits, \u00e0 nos services ou \u00e0 nos marques; (c) ne fassiez aucune modification au Contenu; (d) ne permettiez ni aidez ni encouragiez un tiers (que ce soit ou non \u00e0 votre avantage) : (i): \u00e0 copier ou adapter le code objet de tout logiciel du Site Web, HTML, JavaScript ou un code autre; ou (ii) proc\u00e9der \u00e0 une ing\u00e9nierie inverse, d\u00e9compiler, assembler \u00e0 rebours, modifier ou chercher \u00e0 d\u00e9couvrir le code source que le Site Web cr\u00e9e pour g\u00e9n\u00e9rer ses pages Web ou tout logiciel ou autre produit ou processus accessibles via le Site Web; et (e) n\u2019ins\u00e9rez aucun code ou produit afin de manipuler le Contenu de quelque fa\u00e7on que ce soit qui affecte l\u2019exp\u00e9rience-utilisateur.<\/p>\n<h2>La propri\u00e9t\u00e9 intellectuelle<\/h2>\n<p>La propri\u00e9t\u00e9 intellectuelle du contenu pr\u00e9sent dans le Site Web, de m\u00eame que le design du site web, le texte, ou les graphiques, et leur s\u00e9lection et arrangement, et toutes les compilations de logiciels, le code source sous-jacent et le logiciel (incluant les applets) appartient \u00e0 nous, nos filiales ou les prestataires de cette information, et elle est prot\u00e9g\u00e9e par les lois et les trait\u00e9s de propri\u00e9t\u00e9 intellectuelle internationaux et anglais. Tous droits r\u00e9serv\u00e9s. Aucun contenu ne peut \u00eatre reproduit ou redistribu\u00e9 sans notre permission \u00e9crite. Vous pouvez, toutefois, t\u00e9l\u00e9charger ou imprimer une copie simple du site pour votre visionnement personnel, non commercial et hors ligne.<\/p>\n<p>Les marques d\u00e9pos\u00e9es, les marques de service, les logos et les autres noms commerciaux et identifiants qui sont notre propri\u00e9t\u00e9 et affich\u00e9s sur le Site Web ne peuvent \u00eatre utilis\u00e9s en lien avec tout produit ou service qui ne nous appartient pas. Plus encore, rien dans le pr\u00e9sent Site Web ne doit \u00eatre interpr\u00e9t\u00e9 comme accordant une licence ou un droit d\u2019utilisation des marques de commerce sans notre permission expresse \u00e9crite. Tout produit ou nom de compagnie mentionn\u00e9 sur ce Site Web peut \u00eatre une marque de commerce ou une marque de commerce d\u00e9pos\u00e9e de leurs propri\u00e9taires respectifs.<\/p>\n<p>Vous ne pouvez utiliser le Site Web pour tout usage particulier ou de toute autre mani\u00e8re qui porte atteinte \u00e0 nos droits ou aux droits d\u2019un tiers. Nous vous encourageons \u00e0 signaler tout \u00e9l\u00e9ment de contenu du Site Web qui appert, de prime abord, porter atteinte \u00e0 vos droits. Seuls le propri\u00e9taire des droits de propri\u00e9t\u00e9 intellectuelle ou une personne autoris\u00e9e \u00e0 agir en son nom peuvent signaler un contenu potentiellement contrefaisant.<\/p>\n<p>Si vous croyez en toute bonne foi que le contenu de ce Site Web porte atteinte \u00e0 vos droits d\u2019auteur, \u00e0 votre marque de commerce ou \u00e0 tout autre droit de propri\u00e9t\u00e9 intellectuelle, veuillez nous contacter en utilisant les informations ci-dessous.<\/p>\n<p>E&amp;J Gallo Winery Canada, Ltd.<br \/>\n6711 Mississauga Rd, Suite 202<br \/>\nMississauga, ON<br \/>\nL5N 2W3<br \/>\n<a href=\"mailto:consumerrelations@longshot.com\">consumerrelations@longshot.com<\/a><\/p>\n<h2>Concours et promotions<\/h2>\n<p>Tout concours ou autre promotion (quels qu\u2019ils soient, une \u00ab Promotion \u00bb) qui peuvent \u00eatre offerts sur le Site Web peuvent \u00eatre sujets \u00e0 un autre ensemble de r\u00e8glements qui peuvent contenir des conditions de recevabilit\u00e9 comme des restrictions d\u2019\u00e2ge ou de zone g\u00e9ographique, des conditions d\u2019utilisation sp\u00e9cifique \u00e0 la Promotion, une utilisation particuli\u00e8re du Contenu d\u2019Utilisateur, et la divulgation de la mani\u00e8re dont vos informations personnelles pourraient \u00eatre utilis\u00e9es. Il est de votre responsabilit\u00e9 de lire ces r\u00e8glements qui d\u00e9terminent si oui ou non vous souhaitez ou \u00eates admissible \u00e0 participer et\/ou vous inscrire \u00e0 la Promotion, et d\u00e9terminer quelles sont ses conditions particuli\u00e8res. En participant \u00e0 une Promotion, vous serez soumis \u00e0 ces r\u00e8gles officielles, et vous acceptez de vous soumettre et de respecter ces r\u00e8gles et les d\u00e9cisions de commanditaire(s) identifi\u00e9(s) comme tel(s).<\/p>\n<h2>Politique en mati\u00e8re de liaison au site<\/h2>\n<p>Nous vous donnons une permission r\u00e9vocable de cr\u00e9er des liens vers le Site Web; sous r\u00e9serve cependant que votre site web ou tout site web tiers qui lie vers le Site Web : (a) ne cr\u00e9e de cadre ou tout autre navigateur ou bordure autour de tout contenu du Site Web, ou ne reproduise aucune partie du Site Web; (b) ne laisse entendre que Longshot ou le Site Web endosse ou commandite son ou ses produits, \u00e0 moins que nous vous ayons donn\u00e9 la permission \u00e9crite au pr\u00e9alable; (c) ne pr\u00e9sente des informations fausses \u00e0 propos de Longshot ou de ses produits ou services, ou d\u00e9nigre, ternisse, ou alors, selon notre avis seulement, nuise \u00e0 la marque; (d) n\u2019utilise aucune de nos marques de commerce sans avoir notre permission \u00e9crite; (e) ne contienne du contenu qui peut \u00eatre jug\u00e9 odieux, offensant ou controvers\u00e9, ou alors r\u00e9pr\u00e9hensible, d\u2019apr\u00e8s notre seule opinion; et (f) soit votre propri\u00e9t\u00e9 et sous votre contr\u00f4le, ou celui de la personne ou l\u2019entit\u00e9 qui place l\u2019hyperlien, ou alors que vous ayez la permission d\u2019activer ledit hyperlien sujet \u00e0 ces Conditions. En liant \u00e0 notre Site Web, vous acceptez de respecter et de continuer \u00e0 respecter la politique en mati\u00e8re de liaison au site \u00e9nonc\u00e9e ci-dessus.<\/p>\n<p>Nonobstant toute disposition contraire dans les pr\u00e9sentes Conditions, nous nous le droit de proscrire la liaison au Site Web pour toute raison qui soit \u00e0 notre seule et absolue discr\u00e9tion m\u00eame si les hyperliens respectent les conditions d\u00e9crites ci-dessus.<\/p>\n<h2>Limitation de responsabilit\u00e9<\/h2>\n<p>Nous excluons toutes repr\u00e9sentations, garanties, et conditions explicites ou implicites, que ce soit par statut, loi courante ou autre pour autant que la loi le permette. Nous n\u2019acceptons aucune responsabilit\u00e9 pour tout dommage sp\u00e9cial, indirect, incidentel, \u00e9conomique ou tout pr\u00e9judice qu\u2019il soit caus\u00e9, qu\u2019il d\u00e9coule ou qu\u2019il soit li\u00e9 \u00e0 ces Conditions.<\/p>\n<p>Nous fournissons le contenu du Site Web en toute bonne foi, mais n\u2019offrons aucune garantie ou repr\u00e9sentation que les informations contenues soient exactes, compl\u00e8tes ou \u00e0 jour, ni que le Site Web ne porte atteinte aux droits d\u2019un tiers. Nous n\u2019acceptons aucune responsabilit\u00e9 pour votre utilisation du contenu du Site Web et cette utilisation est faite \u00e0 vos propres risques. Bien que nous prenions des pr\u00e9cautions raisonnables afin de pr\u00e9venir l\u2019existence de virus informatiques et\/ou d\u2019autres logiciels malveillants sur le Site Web, nous n\u2019acceptons aucune responsabilit\u00e9 pour ces derniers.<\/p>\n<p>Les informations transmises via ce Site Web passeront sur les r\u00e9seaux publics de t\u00e9l\u00e9communications. Nous ne faisons aucune repr\u00e9sentation ou garantie que l\u2019exploitation de ce Site Web ne sera pas interrompue ou ne contiendra aucune erreur, et nous d\u00e9clinons toute responsabilit\u00e9 reli\u00e9e \u00e0 cette situation.<\/p>\n<p>Ce Site Web peut contenir des hyperliens vers d\u2019autres sites Web. Nous n\u2019acceptons aucune responsabilit\u00e9 pour le contenu fourni par ou pr\u00e9sent sur un site web tiers qui est li\u00e9 \u00e0 partir de ou \u00e0 ce Site Web, ou pour l\u2019utilisation de donn\u00e9es personnelles par ces tiers.<\/p>\n<p>Certaines provinces ne permettent pas l\u2019exclusion ou la limitation de certaines garanties et\/ou responsabilit\u00e9s, donc certaines des limitations ou exclusions ci-dessous peuvent ne pas s\u2019appliquer \u00e0 vous.<\/p>\n<h2>Droit applicable et litiges<\/h2>\n<p>Ces Conditions sont r\u00e9gies et interpr\u00e9t\u00e9es selon la loi canadienne et celle de l\u2019Ontario. Tout diff\u00e9rend ou m\u00e9sentente en vertu de ces Conditions doit \u00eatre soumis \u00e0 la d\u00e9cision des tribunaux ontariens.<\/p>\n<h2>Dispositions diverses<\/h2>\n<p>Notre d\u00e9faut d\u2019agir envers une violation de ces Conditions par vous ou autrui n\u2019annule ou ne limite pas nos droits d\u2019agir envers des violations ult\u00e9rieures ou similaires. Aucune d\u00e9rogation aux pr\u00e9sentes Conditions accord\u00e9e par nous n\u2019est contraignante, sauf si elle est faite par \u00e9crit et sign\u00e9e par un agent d\u00fbment autoris\u00e9 de E&amp;J Gallo Winery Canada Ltd. Ni le comportement entre les parties ni les pratiques commerciales n\u2019auront pour effet de modifier ces Conditions.<\/p>\n<p>Nous pouvons c\u00e9der nos droits et obligations relatifs \u00e0 ces Conditions \u00e0 un tiers \u00e0 tout moment sans vous donner d\u2019avis. Ces Conditions ne peuvent \u00eatre c\u00e9d\u00e9es par vous sans notre consentement \u00e9crit ant\u00e9rieur.<\/p>\n<p>Si une disposition quelconque des pr\u00e9sentes Conditions est d\u00e9termin\u00e9e ill\u00e9gale, nulle ou, pour quelque raison que ce soit, inex\u00e9cutable, cette disposition serait consid\u00e9r\u00e9e comme ne faisant pas partie des pr\u00e9sentes Conditions et n\u2019affecterait pas la validit\u00e9 et la force ex\u00e9cutoire des autres dispositions.<\/p>\n<p>Seuls vous et nous sommes en droit de faire respecter ces Conditions. Aucun tiers ne peut \u00eatre en droit de faire respecter ces Conditions en vertu du Contracts (Right of Third Parties) Act ou autre.<\/p>\n<p>Nous nous sommes engag\u00e9s \u00e0 prot\u00e9ger la confidentialit\u00e9 de vos informations personnelles. Consultez notre Politique de confidentialit\u00e9 pour tous les d\u00e9tails.<\/p>\n<h2>Modification<\/h2>\n<p>Nous nous r\u00e9servons le droit de modifier ou d\u2019ajouter de nouvelles dispositions \u00e0 ces Conditions \u00e0 tout moment afin de respecter la loi ou de r\u00e9pondre aux nouveaux besoins de l\u2019organisation, et ce, sans pr\u00e9avis.<\/p>\n<p>Toute mise \u00e0 jour ou tout amendement sera publi\u00e9 sur le Site Web. En continuant l\u2019utilisation de ce Site Web, vous acceptez d\u2019\u00eatre soumis aux modalit\u00e9s de ces mises \u00e0 jour et amendements.<\/p>\n<p>Ces modalit\u00e9s ont \u00e9t\u00e9 modifi\u00e9es pour la derni\u00e8re fois en <strong>mai 2018<\/strong>.<\/p>\n","protected":false},"excerpt":{"rendered":"<p>Conditions d\u2019utilisation \u00c0 propos de ces conditions d\u2019utilisation Les conditions et modalit\u00e9s d\u2019utilisation suivantes (\u00ab Conditions \u00bb) s\u2019appliquent \u00e0 votre utilisation du site web Longshot (\u00ab Site Web \u00bb). Ces Conditions devraient \u00eatre lues conjointement \u00e0 notre politique de confidentialit\u00e9 (\u00ab Politique de confidentialit\u00e9 \u00bb) et viennent s\u2019ajouter \u00e0 cette derni\u00e8re. Veuillez lire ces Conditions [&hellip;]<\/p>\n","protected":false},"author":6,"featured_media":0,"parent":0,"menu_order":0,"comment_status":"closed","ping_status":"closed","template":"","meta":{"_acf_changed":false,"_seopress_robots_primary_cat":"","_seopress_titles_title":"Vin | Longshot Wines | Conditions d&#039;utilisation","_seopress_titles_desc":"Consultez les marques d\u00e9pos\u00e9es de Longshot.","_seopress_robots_index":"","site-sidebar-layout":"default","site-content-layout":"default","ast-site-content-layout":"default","site-content-style":"default","site-sidebar-style":"default","ast-global-header-display":"","ast-banner-title-visibility":"","ast-main-header-display":"","ast-hfb-above-header-display":"","ast-hfb-below-header-display":"","ast-hfb-mobile-header-display":"","site-post-title":"disabled","ast-breadcrumbs-content":"","ast-featured-img":"","footer-sml-layout":"","ast-disable-related-posts":"","theme-transparent-header-meta":"default","adv-header-id-meta":"","stick-header-meta":"","header-above-stick-meta":"","header-main-stick-meta":"","header-below-stick-meta":"","astra-migrate-meta-layouts":"default","ast-page-background-enabled":"default","ast-page-background-meta":{"desktop":{"background-color":"","background-image":"","background-repeat":"repeat","background-position":"center center","background-size":"auto","background-attachment":"scroll","background-type":"","background-media":"","overlay-type":"","overlay-color":"","overlay-opacity":"","overlay-gradient":""},"tablet":{"background-color":"","background-image":"","background-repeat":"repeat","background-position":"center center","background-size":"auto","background-attachment":"scroll","background-type":"","background-media":"","overlay-type":"","overlay-color":"","overlay-opacity":"","overlay-gradient":""},"mobile":{"background-color":"","background-image":"","background-repeat":"repeat","background-position":"center center","background-size":"auto","background-attachment":"scroll","background-type":"","background-media":"","overlay-type":"","overlay-color":"","overlay-opacity":"","overlay-gradient":""}},"ast-content-background-meta":{"desktop":{"background-color":"var(--ast-global-color-5)","background-image":"","background-repeat":"repeat","background-position":"center center","background-size":"auto","background-attachment":"scroll","background-type":"","background-media":"","overlay-type":"","overlay-color":"","overlay-opacity":"","overlay-gradient":""},"tablet":{"background-color":"var(--ast-global-color-5)","background-image":"","background-repeat":"repeat","background-position":"center center","background-size":"auto","background-attachment":"scroll","background-type":"","background-media":"","overlay-type":"","overlay-color":"","overlay-opacity":"","overlay-gradient":""},"mobile":{"background-color":"var(--ast-global-color-5)","background-image":"","background-repeat":"repeat","background-position":"center center","background-size":"auto","background-attachment":"scroll","background-type":"","background-media":"","overlay-type":"","overlay-color":"","overlay-opacity":"","overlay-gradient":""}},"footnotes":""},"class_list":["post-532","page","type-page","status-publish","hentry"],"acf":[],"_links":{"self":[{"href":"https:\/\/www.longshotwine.ca\/fr\/wp-json\/wp\/v2\/pages\/532","targetHints":{"allow":["GET"]}}],"collection":[{"href":"https:\/\/www.longshotwine.ca\/fr\/wp-json\/wp\/v2\/pages"}],"about":[{"href":"https:\/\/www.longshotwine.ca\/fr\/wp-json\/wp\/v2\/types\/page"}],"author":[{"embeddable":true,"href":"https:\/\/www.longshotwine.ca\/fr\/wp-json\/wp\/v2\/users\/6"}],"replies":[{"embeddable":true,"href":"https:\/\/www.longshotwine.ca\/fr\/wp-json\/wp\/v2\/comments?post=532"}],"version-history":[{"count":5,"href":"https:\/\/www.longshotwine.ca\/fr\/wp-json\/wp\/v2\/pages\/532\/revisions"}],"predecessor-version":[{"id":835,"href":"https:\/\/www.longshotwine.ca\/fr\/wp-json\/wp\/v2\/pages\/532\/revisions\/835"}],"wp:attachment":[{"href":"https:\/\/www.longshotwine.ca\/fr\/wp-json\/wp\/v2\/media?parent=532"}],"curies":[{"name":"wp","href":"https:\/\/api.w.org\/{rel}","templated":true}]}}